{"id":10,"date":"2023-05-30T19:47:50","date_gmt":"2023-05-31T00:47:50","guid":{"rendered":"https:\/\/asociacionari.org\/?page_id=10"},"modified":"2023-05-31T18:14:20","modified_gmt":"2023-05-31T23:14:20","slug":"nuestros-afiliados","status":"publish","type":"page","link":"https:\/\/asociacionari.org\/index.php\/nuestros-afiliados\/","title":{"rendered":"Nuestros Afiliados y Colaboradores"},"content":{"rendered":"\n<p><strong>Nuestros afiliados son empresas fabricantes, importadores, titulares y comercializadores de: Medicamentos, Productos Biol\u00f3gicos, medicamentos Homeop\u00e1ticos, Dispositivos M\u00e9dicos, reactivos de diagn\u00f3stico, \u00a0Alimentos, Licores, Suplementos Dietarios, Cosm\u00e9ticos, Productos de Aseo y en general<\/strong>.<\/p>\n\n\n\n<p><strong>En ARI, contamos con el soporte de un grupo de profesionales (Qu\u00edmicos Farmac\u00e9uticos, Abogados, ingenieros de Alimentos, Ingenieros Biom\u00e9dicos, entre otros), con amplia experiencia en Asuntos Regulatorios; comprometidos con el fortalecimiento del sector y de la industria a la cual representamos<\/strong>.<\/p>\n","protected":false},"excerpt":{"rendered":"<p>Nuestros afiliados son empresas fabricantes, importadores, titulares y comercializadores de: Medicamentos, Productos Biol\u00f3gicos, medicamentos Homeop\u00e1ticos, Dispositivos M\u00e9dicos, reactivos de diagn\u00f3stico, \u00a0Alimentos, Licores, Suplementos Dietarios, Cosm\u00e9ticos, Productos de Aseo y en general. En ARI, contamos con el soporte de un grupo de profesionales (Qu\u00edmicos Farmac\u00e9uticos, Abogados, ingenieros de Alimentos, Ingenieros Biom\u00e9dicos, entre otros), con amplia experiencia &#8230; <a title=\"Nuestros Afiliados y Colaboradores\" class=\"read-more\" href=\"https:\/\/asociacionari.org\/index.php\/nuestros-afiliados\/\" aria-label=\"More on Nuestros Afiliados y Colaboradores\">Read more<\/a><\/p>\n","protected":false},"author":1,"featured_media":0,"parent":0,"menu_order":0,"comment_status":"closed","ping_status":"closed","template":"","meta":[],"_links":{"self":[{"href":"https:\/\/asociacionari.org\/index.php\/wp-json\/wp\/v2\/pages\/10"}],"collection":[{"href":"https:\/\/asociacionari.org\/index.php\/wp-json\/wp\/v2\/pages"}],"about":[{"href":"https:\/\/asociacionari.org\/index.php\/wp-json\/wp\/v2\/types\/page"}],"author":[{"embeddable":true,"href":"https:\/\/asociacionari.org\/index.php\/wp-json\/wp\/v2\/users\/1"}],"replies":[{"embeddable":true,"href":"https:\/\/asociacionari.org\/index.php\/wp-json\/wp\/v2\/comments?post=10"}],"version-history":[{"count":3,"href":"https:\/\/asociacionari.org\/index.php\/wp-json\/wp\/v2\/pages\/10\/revisions"}],"predecessor-version":[{"id":32,"href":"https:\/\/asociacionari.org\/index.php\/wp-json\/wp\/v2\/pages\/10\/revisions\/32"}],"wp:attachment":[{"href":"https:\/\/asociacionari.org\/index.php\/wp-json\/wp\/v2\/media?parent=10"}],"curies":[{"name":"wp","href":"https:\/\/api.w.org\/{rel}","templated":true}]}}