{"id":12,"date":"2023-05-30T19:48:43","date_gmt":"2023-05-31T00:48:43","guid":{"rendered":"https:\/\/asociacionari.org\/?page_id=12"},"modified":"2023-06-02T21:05:24","modified_gmt":"2023-06-03T02:05:24","slug":"nuestro-objeto","status":"publish","type":"page","link":"https:\/\/asociacionari.org\/index.php\/nuestro-objeto\/","title":{"rendered":"Nuestros Pilares"},"content":{"rendered":"\n<p><strong>SERVICIO: Nuestro\u00a0 objeto principal\u00a0 prestar un\u00a0 servicio de representaci\u00f3n totalmente\u00a0 Ad honorem,\u00a0 a quienes\u00a0 tienen inter\u00e9s\u00a0 en los asuntos que nos competen<\/strong>.<\/p>\n\n\n\n<p><strong>COMPROMISO: Los l\u00edderes y afiliados de ARI tienen\u00a0 el firme compromiso de conocer, aplicar y mantener los m\u00e1s altos est\u00e1ndares de calidad en toda la cadena de los productos que se comercializan en el pa\u00eds, y que tienen incidencia en la salud de la poblaci\u00f3n; es por eso que brindamos informaci\u00f3n permanente y actualizada, sobre los requisitos t\u00e9cnicos y legales<\/strong>.<\/p>\n\n\n\n<p><strong>AN\u00c1LISIS\u00a0 CON CRITERIO: Los conceptos que emitimos desde la Asociaci\u00f3n, est\u00e1n fundamentados, en\u00a0 su\u00a0 real aplicaci\u00f3n<\/strong>.<\/p>\n\n\n\n<p><strong>PUNTUALIDAD: Respondemos oportunamente a las necesidades normativas del pa\u00eds y del sector en el que fundamentamos nuestro quehacer<\/strong>.<\/p>\n","protected":false},"excerpt":{"rendered":"<p>SERVICIO: Nuestro\u00a0 objeto principal\u00a0 prestar un\u00a0 servicio de representaci\u00f3n totalmente\u00a0 Ad honorem,\u00a0 a quienes\u00a0 tienen inter\u00e9s\u00a0 en los asuntos que nos competen. COMPROMISO: Los l\u00edderes y afiliados de ARI tienen\u00a0 el firme compromiso de conocer, aplicar y mantener los m\u00e1s altos est\u00e1ndares de calidad en toda la cadena de los productos que se comercializan en &#8230; <a title=\"Nuestros Pilares\" class=\"read-more\" href=\"https:\/\/asociacionari.org\/index.php\/nuestro-objeto\/\" aria-label=\"More on Nuestros Pilares\">Read more<\/a><\/p>\n","protected":false},"author":1,"featured_media":0,"parent":0,"menu_order":0,"comment_status":"closed","ping_status":"closed","template":"","meta":[],"_links":{"self":[{"href":"https:\/\/asociacionari.org\/index.php\/wp-json\/wp\/v2\/pages\/12"}],"collection":[{"href":"https:\/\/asociacionari.org\/index.php\/wp-json\/wp\/v2\/pages"}],"about":[{"href":"https:\/\/asociacionari.org\/index.php\/wp-json\/wp\/v2\/types\/page"}],"author":[{"embeddable":true,"href":"https:\/\/asociacionari.org\/index.php\/wp-json\/wp\/v2\/users\/1"}],"replies":[{"embeddable":true,"href":"https:\/\/asociacionari.org\/index.php\/wp-json\/wp\/v2\/comments?post=12"}],"version-history":[{"count":2,"href":"https:\/\/asociacionari.org\/index.php\/wp-json\/wp\/v2\/pages\/12\/revisions"}],"predecessor-version":[{"id":36,"href":"https:\/\/asociacionari.org\/index.php\/wp-json\/wp\/v2\/pages\/12\/revisions\/36"}],"wp:attachment":[{"href":"https:\/\/asociacionari.org\/index.php\/wp-json\/wp\/v2\/media?parent=12"}],"curies":[{"name":"wp","href":"https:\/\/api.w.org\/{rel}","templated":true}]}}