{"id":8,"date":"2023-05-30T19:47:13","date_gmt":"2023-05-31T00:47:13","guid":{"rendered":"https:\/\/asociacionari.org\/?page_id=8"},"modified":"2023-05-31T17:59:32","modified_gmt":"2023-05-31T22:59:32","slug":"quienes-somos","status":"publish","type":"page","link":"https:\/\/asociacionari.org\/","title":{"rendered":"Qui\u00e9nes Somos"},"content":{"rendered":"\n<p><strong>Una asociaci\u00f3n sin \u00e1nimo de lucro, &nbsp;con m\u00e1s de 10 a\u00f1os de presencia en Colombia.&nbsp; Naci\u00f3 como la respuesta a la necesidad de representaci\u00f3n de diferentes actores ante las entidades oficiales de car\u00e1cter sanitario, que no ten\u00edan&nbsp; participaci\u00f3n en ninguna otra agremiaci\u00f3n.&nbsp; Nos&nbsp; hemos constituido en un canal efectivo de comunicaci\u00f3n rec\u00edproca entre las entidades&nbsp; y las empresas, facilitando y apoyando la construcci\u00f3n normativa en diferentes aspectos Regulatorios del Ministerio de Salud e INVIMA.<\/strong><\/p>\n\n\n\n<p><strong>D\u00eda a d\u00eda nos impulsa el inter\u00e9s de generar acuerdos que beneficien el crecimiento de la industria, el fortalecimiento del Instituto Nacional de Vigilancia de Medicamentos y Alimentos.<\/strong><\/p>\n\n\n\n<p><strong>Nuestro&nbsp; actuar se ha enfocado en reunir las inquietudes, problem\u00e1ticas y sugerencias de nuestros afiliados, para transmitirlas en los espacios y entidades correspondientes.<\/strong><\/p>\n\n\n\n<p><strong>De&nbsp; manera arm\u00f3nica, respetuosa y oportuna compartimos nuestros conocimientos en procura del bien com\u00fan.<\/strong><\/p>\n\n\n\n<p><strong>La experiencia que hemos reunido, durante a\u00f1os de trabajo en Asuntos de Regulatorios de car\u00e1cter sanitario, no solo en entidades privadas, sino p\u00fablicas, fortalece los debates constructivos donde participamos.<\/strong><\/p>\n","protected":false},"excerpt":{"rendered":"<p>Una asociaci\u00f3n sin \u00e1nimo de lucro, &nbsp;con m\u00e1s de 10 a\u00f1os de presencia en Colombia.&nbsp; Naci\u00f3 como la respuesta a la necesidad de representaci\u00f3n de diferentes actores ante las entidades oficiales de car\u00e1cter sanitario, que no ten\u00edan&nbsp; participaci\u00f3n en ninguna otra agremiaci\u00f3n.&nbsp; Nos&nbsp; hemos constituido en un canal efectivo de comunicaci\u00f3n rec\u00edproca entre las entidades&nbsp; &#8230; <a title=\"Qui\u00e9nes Somos\" class=\"read-more\" href=\"https:\/\/asociacionari.org\/\" aria-label=\"More on Qui\u00e9nes Somos\">Read more<\/a><\/p>\n","protected":false},"author":1,"featured_media":0,"parent":0,"menu_order":0,"comment_status":"closed","ping_status":"closed","template":"","meta":[],"_links":{"self":[{"href":"https:\/\/asociacionari.org\/index.php\/wp-json\/wp\/v2\/pages\/8"}],"collection":[{"href":"https:\/\/asociacionari.org\/index.php\/wp-json\/wp\/v2\/pages"}],"about":[{"href":"https:\/\/asociacionari.org\/index.php\/wp-json\/wp\/v2\/types\/page"}],"author":[{"embeddable":true,"href":"https:\/\/asociacionari.org\/index.php\/wp-json\/wp\/v2\/users\/1"}],"replies":[{"embeddable":true,"href":"https:\/\/asociacionari.org\/index.php\/wp-json\/wp\/v2\/comments?post=8"}],"version-history":[{"count":3,"href":"https:\/\/asociacionari.org\/index.php\/wp-json\/wp\/v2\/pages\/8\/revisions"}],"predecessor-version":[{"id":21,"href":"https:\/\/asociacionari.org\/index.php\/wp-json\/wp\/v2\/pages\/8\/revisions\/21"}],"wp:attachment":[{"href":"https:\/\/asociacionari.org\/index.php\/wp-json\/wp\/v2\/media?parent=8"}],"curies":[{"name":"wp","href":"https:\/\/api.w.org\/{rel}","templated":true}]}}